{"id":8,"date":"2025-03-26T05:51:19","date_gmt":"2025-03-26T05:51:19","guid":{"rendered":"https:\/\/finanzbunzli.ch\/?page_id=8"},"modified":"2025-03-27T16:25:49","modified_gmt":"2025-03-27T16:25:49","slug":"about","status":"publish","type":"page","link":"https:\/\/finanzbunzli.ch\/index.php\/about\/","title":{"rendered":"\u00dcber mich"},"content":{"rendered":"\t\t<div data-elementor-type=\"wp-page\" data-elementor-id=\"8\" class=\"elementor elementor-8\">\n\t\t\t\t<div class=\"elementor-element elementor-element-62cf1a7 e-flex e-con-boxed e-con e-parent\" data-id=\"62cf1a7\" data-element_type=\"container\">\n\t\t\t\t\t<div class=\"e-con-inner\">\n\t\t<div class=\"elementor-element elementor-element-2c6794c e-con-full e-flex e-con e-child\" data-id=\"2c6794c\" data-element_type=\"container\">\n\t\t\t\t<div class=\"elementor-element elementor-element-8467dd7 elementor-widget elementor-widget-heading\" data-id=\"8467dd7\" data-element_type=\"widget\" data-widget_type=\"heading.default\">\n\t\t\t\t<div class=\"elementor-widget-container\">\n\t\t\t\t\t<h2 class=\"elementor-heading-title elementor-size-default\">\u00dcber mich<\/h2>\t\t\t\t<\/div>\n\t\t\t\t<\/div>\n\t\t\t\t<div class=\"elementor-element elementor-element-d04cc11 elementor-widget elementor-widget-text-editor\" data-id=\"d04cc11\" data-element_type=\"widget\" data-widget_type=\"text-editor.default\">\n\t\t\t\t<div class=\"elementor-widget-container\">\n\t\t\t\t\t\t\t\t\t<p data-start=\"15\" data-end=\"40\">Sch\u00f6n, dass Du hier bist!<\/p>\n<p data-start=\"42\" data-end=\"488\">Finanzen haben mich schon immer interessiert. Bereits mit 18 Jahren kaufte ich meine erste Aktie \u2013 eine Entscheidung, die mir bis heute wichtige Einblicke in die Finanzwelt verschafft hat. Ich komme aus der Schweiz und habe \u00fcber die Jahre viel gelernt, unter anderem wie wichtig es ist, sich aktiv mit seinen eigenen Finanzen auseinanderzusetzen. Diese Erfahrungen m\u00f6chte ich nun mit dir teilen, um dir zu helfen, deine eigenen finanziellen Ziele zu erreichen.<\/p>\n<p data-start=\"490\" data-end=\"1004\">Im Laufe der Zeit habe ich vielen Freunden dabei geholfen, ihre Finanzen besser zu organisieren, sei es bei der Erstellung eines Budgets oder der Steuererkl\u00e4rung. Dabei habe ich gemerkt, dass viele Menschen gerade bei grundlegenden Finanzthemen unsicher sind \u2013 Themen, die f\u00fcr mich mittlerweile selbstverst\u00e4ndlich geworden sind. Diese Erkenntnis hat mich motiviert, diese Plattform ins Leben zu rufen, um dir verst\u00e4ndliche und praxisnahe Tipps zu geben, die dir helfen, deine Finanzen selbst in die Hand zu nehmen.<\/p>\n<p><\/p>\n<p data-start=\"1006\" data-end=\"1328\">Ob es darum geht, ein Budget aufzustellen, in Aktien zu investieren oder den Traum von der eigenen Immobilie zu verwirklichen \u2013 mein Ziel ist es, dir das n\u00f6tige Wissen zu vermitteln, damit du deine Finanzen sicher und selbstbewusst managen kannst.&nbsp;<span style=\"color: var( --e-global-color-text ); font-family: var( --e-global-typography-text-font-family ), Sans-serif; font-weight: var( --e-global-typography-text-font-weight ); text-align: var(--text-align); background-color: var(--ast-global-color-4); font-size: 1rem;\">Ich freue mich, dich auf diesem Weg zu begleiten und dir zu helfen, deine finanziellen Ziele zu erreichen.<\/span><\/p>\n<p data-start=\"1006\" data-end=\"1328\"><span style=\"font-style: inherit; font-weight: inherit; color: var( --e-global-color-text ); font-family: var( --e-global-typography-text-font-family ), Sans-serif; text-align: var(--text-align); background-color: var(--ast-global-color-4);\">Dein FinanzB\u00fcnzli<\/span><\/p>\t\t\t\t\t\t\t\t<\/div>\n\t\t\t\t<\/div>\n\t\t\t\t<\/div>\n\t\t\t\t\t<\/div>\n\t\t\t\t<\/div>\n\t\t\t\t<\/div>\n\t\t","protected":false},"excerpt":{"rendered":"<p>\u00dcber mich Sch\u00f6n, dass Du hier bist! Finanzen haben mich schon immer interessiert. Bereits mit 18 Jahren kaufte ich meine [&hellip;]<\/p>\n","protected":false},"author":1,"featured_media":0,"parent":0,"menu_order":0,"comment_status":"closed","ping_status":"closed","template":"","meta":{"site-sidebar-layout":"default","site-content-layout":"","ast-site-content-layout":"","site-content-style":"default","site-sidebar-style":"default","ast-global-header-display":"","ast-banner-title-visibility":"","ast-main-header-display":"","ast-hfb-above-header-display":"","ast-hfb-below-header-display":"","ast-hfb-mobile-header-display":"","site-post-title":"","ast-breadcrumbs-content":"","ast-featured-img":"","footer-sml-layout":"","theme-transparent-header-meta":"","adv-header-id-meta":"","stick-header-meta":"","header-above-stick-meta":"","header-main-stick-meta":"","header-below-stick-meta":"","astra-migrate-meta-layouts":"default","ast-page-background-enabled":"default","ast-page-background-meta":{"desktop":{"background-color":"var(--ast-global-color-5)","background-image":"","background-repeat":"repeat","background-position":"center center","background-size":"auto","background-attachment":"scroll","background-type":"","background-media":"","overlay-type":"","overlay-color":"","overlay-opacity":"","overlay-gradient":""},"tablet":{"background-color":"","background-image":"","background-repeat":"repeat","background-position":"center center","background-size":"auto","background-attachment":"scroll","background-type":"","background-media":"","overlay-type":"","overlay-color":"","overlay-opacity":"","overlay-gradient":""},"mobile":{"background-color":"","background-image":"","background-repeat":"repeat","background-position":"center center","background-size":"auto","background-attachment":"scroll","background-type":"","background-media":"","overlay-type":"","overlay-color":"","overlay-opacity":"","overlay-gradient":""}},"ast-content-background-meta":{"desktop":{"background-color":"var(--ast-global-color-4)","background-image":"","background-repeat":"repeat","background-position":"center center","background-size":"auto","background-attachment":"scroll","background-type":"","background-media":"","overlay-type":"","overlay-color":"","overlay-opacity":"","overlay-gradient":""},"tablet":{"background-color":"var(--ast-global-color-4)","background-image":"","background-repeat":"repeat","background-position":"center center","background-size":"auto","background-attachment":"scroll","background-type":"","background-media":"","overlay-type":"","overlay-color":"","overlay-opacity":"","overlay-gradient":""},"mobile":{"background-color":"var(--ast-global-color-4)","background-image":"","background-repeat":"repeat","background-position":"center center","background-size":"auto","background-attachment":"scroll","background-type":"","background-media":"","overlay-type":"","overlay-color":"","overlay-opacity":"","overlay-gradient":""}},"footnotes":""},"class_list":["post-8","page","type-page","status-publish","hentry"],"_links":{"self":[{"href":"https:\/\/finanzbunzli.ch\/index.php\/wp-json\/wp\/v2\/pages\/8","targetHints":{"allow":["GET"]}}],"collection":[{"href":"https:\/\/finanzbunzli.ch\/index.php\/wp-json\/wp\/v2\/pages"}],"about":[{"href":"https:\/\/finanzbunzli.ch\/index.php\/wp-json\/wp\/v2\/types\/page"}],"author":[{"embeddable":true,"href":"https:\/\/finanzbunzli.ch\/index.php\/wp-json\/wp\/v2\/users\/1"}],"replies":[{"embeddable":true,"href":"https:\/\/finanzbunzli.ch\/index.php\/wp-json\/wp\/v2\/comments?post=8"}],"version-history":[{"count":8,"href":"https:\/\/finanzbunzli.ch\/index.php\/wp-json\/wp\/v2\/pages\/8\/revisions"}],"predecessor-version":[{"id":105,"href":"https:\/\/finanzbunzli.ch\/index.php\/wp-json\/wp\/v2\/pages\/8\/revisions\/105"}],"wp:attachment":[{"href":"https:\/\/finanzbunzli.ch\/index.php\/wp-json\/wp\/v2\/media?parent=8"}],"curies":[{"name":"wp","href":"https:\/\/api.w.org\/{rel}","templated":true}]}}